{"id":1471,"date":"2023-10-09T10:21:19","date_gmt":"2023-10-09T08:21:19","guid":{"rendered":"https:\/\/ecgconsulting.fr\/?page_id=1471"},"modified":"2023-10-16T10:48:05","modified_gmt":"2023-10-16T08:48:05","slug":"mentions-legales","status":"publish","type":"page","link":"https:\/\/ecgconsulting.fr\/index.php\/mentions-legales\/","title":{"rendered":"Mentions legales"},"content":{"rendered":"\n<p><\/p>\n\n\n\n<h2 class=\"wp-block-heading\"><\/h2>\n\n\n\n<p><\/p>\n\n\n\n<p>Mentions L\u00e9gales<br>Informations l\u00e9gales :<br>Nom du site web : <strong>ECG Consulting<\/strong><br>Adresse :<strong> 45 Grand rue 81340 Valence d&rsquo;Albigeois<\/strong><br>T\u00e9l\u00e9phone : <strong>06.72.19.10.23 \/ 07.61.06.23.95<\/strong><br>Adresse \u00e9lectronique : <strong>ecgservicesadm@yahoo.com  ou  juricoach@yahoo.fr<\/strong><br>Le directeur de la publication et responsable de la r\u00e9daction : <strong>Elisabeth CORREIA-GABRIEL<\/strong><br>H\u00e9bergement :<br>Nom de l&rsquo;h\u00e9bergeur : OVH Cloud<br>Adresse de l&rsquo;h\u00e9bergeur : 2 rue Kellermann &#8211; 59100 Roubaix &#8211; France<br>Propri\u00e9t\u00e9 intellectuelle :<br>Le contenu de ce site, incluant, de fa\u00e7on non limitative, les graphiques, images, textes, vid\u00e9os, animations, sons, logos, gifs et ic\u00f4nes ainsi que leur mise en forme sont la propri\u00e9t\u00e9 exclusive de [Nom_du_Propri\u00e9taire_ou_de_la_Soci\u00e9t\u00e9] \u00e0 l&rsquo;exception des marques, logos ou contenus appartenant \u00e0 d&rsquo;autres soci\u00e9t\u00e9s partenaires ou auteurs.<br>Protection des donn\u00e9es personnelles :<br>Conform\u00e9ment au R\u00e8glement G\u00e9n\u00e9ral sur la Protection des Donn\u00e9es (RGPD), les informations que vous nous communiquez via les formulaires pr\u00e9sents sur le site ne seront utilis\u00e9es que pour les besoins de [Nature_des_Besoins : par exemple \u00ab\u00a0la gestion de votre demande\u00a0\u00bb] et ne seront transmises \u00e0 aucun tiers.<br>Vous disposez d&rsquo;un droit d&rsquo;acc\u00e8s, de rectification et d&rsquo;opposition \u00e0 vos donn\u00e9es. Pour cela, il vous suffit de nous en faire la demande en ligne ou par courrier en nous indiquant vos nom, pr\u00e9nom, adresse.<br>Cookies :<br>Lors de votre visite sur [Nom_du_Site], des cookies peuvent \u00eatre install\u00e9s automatiquement sur votre logiciel de navigation. Ces cookies permettent de stocker des informations relatives \u00e0 votre navigation sur [Nom_du_Site]. En aucun cas, ces cookies ne permettent de vous identifier personnellement.<br>Vous pouvez d\u00e9sactiver l&rsquo;utilisation de ces cookies en s\u00e9lectionnant les param\u00e8tres appropri\u00e9s dans votre navigateur.<br>Limitation de responsabilit\u00e9 :<br>[Nom_du_Site] ne saurait \u00eatre tenu responsable des erreurs ou omissions contenues sur ce site. L&rsquo;utilisateur est seul responsable de l&rsquo;utilisation des informations contenues sur ce site.<\/p>\n","protected":false},"excerpt":{"rendered":"<p>Mentions L\u00e9galesInformations l\u00e9gales :Nom du site web : ECG ConsultingAdresse : 45 Grand rue 81340 Valence d&rsquo;AlbigeoisT\u00e9l\u00e9phone : 06.72.19.10.23 \/ 07.61.06.23.95Adresse \u00e9lectronique : ecgservicesadm@yahoo.com ou juricoach@yahoo.frLe directeur de la publication et responsable de la r\u00e9daction : Elisabeth CORREIA-GABRIELH\u00e9bergement :Nom de l&rsquo;h\u00e9bergeur : OVH CloudAdresse de l&rsquo;h\u00e9bergeur : 2 rue Kellermann &#8211; 59100 Roubaix &#8211; FrancePropri\u00e9t\u00e9&#8230;<\/p>\n","protected":false},"author":1,"featured_media":0,"parent":0,"menu_order":0,"comment_status":"closed","ping_status":"open","template":"","meta":{"_kadence_starter_templates_imported_post":false,"_kad_post_transparent":"","_kad_post_title":"","_kad_post_layout":"","_kad_post_sidebar_id":"","_kad_post_content_style":"","_kad_post_vertical_padding":"","_kad_post_feature":"","_kad_post_feature_position":"","_kad_post_header":false,"_kad_post_footer":false,"footnotes":""},"class_list":["post-1471","page","type-page","status-publish","hentry"],"yoast_head":"<!-- This site is optimized with the Yoast SEO plugin v22.6 - https:\/\/yoast.com\/wordpress\/plugins\/seo\/ -->\n<title>Mentions legales - ECG CONSULTING<\/title>\n<meta name=\"robots\" content=\"index, follow, max-snippet:-1, max-image-preview:large, max-video-preview:-1\" \/>\n<link rel=\"canonical\" href=\"https:\/\/ecgconsulting.fr\/index.php\/mentions-legales\/\" \/>\n<meta property=\"og:locale\" content=\"fr_FR\" \/>\n<meta property=\"og:type\" content=\"article\" \/>\n<meta property=\"og:title\" content=\"Mentions legales - ECG CONSULTING\" \/>\n<meta property=\"og:description\" content=\"Mentions L\u00e9galesInformations l\u00e9gales :Nom du site web : ECG ConsultingAdresse : 45 Grand rue 81340 Valence d&rsquo;AlbigeoisT\u00e9l\u00e9phone : 06.72.19.10.23 \/ 07.61.06.23.95Adresse \u00e9lectronique : ecgservicesadm@yahoo.com ou juricoach@yahoo.frLe directeur de la publication et responsable de la r\u00e9daction : Elisabeth CORREIA-GABRIELH\u00e9bergement :Nom de l&rsquo;h\u00e9bergeur : OVH CloudAdresse de l&rsquo;h\u00e9bergeur : 2 rue Kellermann &#8211; 59100 Roubaix &#8211; FrancePropri\u00e9t\u00e9...\" \/>\n<meta property=\"og:url\" content=\"https:\/\/ecgconsulting.fr\/index.php\/mentions-legales\/\" \/>\n<meta property=\"og:site_name\" content=\"ECG CONSULTING\" \/>\n<meta property=\"article:modified_time\" content=\"2023-10-16T08:48:05+00:00\" \/>\n<meta name=\"twitter:card\" content=\"summary_large_image\" \/>\n<meta name=\"twitter:label1\" content=\"Dur\u00e9e de lecture estim\u00e9e\" \/>\n\t<meta name=\"twitter:data1\" content=\"2 minutes\" \/>\n<script type=\"application\/ld+json\" class=\"yoast-schema-graph\">{\"@context\":\"https:\/\/schema.org\",\"@graph\":[{\"@type\":\"WebPage\",\"@id\":\"https:\/\/ecgconsulting.fr\/index.php\/mentions-legales\/\",\"url\":\"https:\/\/ecgconsulting.fr\/index.php\/mentions-legales\/\",\"name\":\"Mentions legales - ECG CONSULTING\",\"isPartOf\":{\"@id\":\"https:\/\/ecgconsulting.fr\/#website\"},\"datePublished\":\"2023-10-09T08:21:19+00:00\",\"dateModified\":\"2023-10-16T08:48:05+00:00\",\"breadcrumb\":{\"@id\":\"https:\/\/ecgconsulting.fr\/index.php\/mentions-legales\/#breadcrumb\"},\"inLanguage\":\"fr-FR\",\"potentialAction\":[{\"@type\":\"ReadAction\",\"target\":[\"https:\/\/ecgconsulting.fr\/index.php\/mentions-legales\/\"]}]},{\"@type\":\"BreadcrumbList\",\"@id\":\"https:\/\/ecgconsulting.fr\/index.php\/mentions-legales\/#breadcrumb\",\"itemListElement\":[{\"@type\":\"ListItem\",\"position\":1,\"name\":\"Accueil\",\"item\":\"https:\/\/ecgconsulting.fr\/\"},{\"@type\":\"ListItem\",\"position\":2,\"name\":\"Mentions legales\"}]},{\"@type\":\"WebSite\",\"@id\":\"https:\/\/ecgconsulting.fr\/#website\",\"url\":\"https:\/\/ecgconsulting.fr\/\",\"name\":\"ECG CONSULTING\",\"description\":\"Conseils Strat\u00e9gies et Formations en mode raisonn\u00e9 Occitanie\",\"potentialAction\":[{\"@type\":\"SearchAction\",\"target\":{\"@type\":\"EntryPoint\",\"urlTemplate\":\"https:\/\/ecgconsulting.fr\/?s={search_term_string}\"},\"query-input\":\"required name=search_term_string\"}],\"inLanguage\":\"fr-FR\"}]}<\/script>\n<!-- \/ Yoast SEO plugin. -->","yoast_head_json":{"title":"Mentions legales - ECG CONSULTING","robots":{"index":"index","follow":"follow","max-snippet":"max-snippet:-1","max-image-preview":"max-image-preview:large","max-video-preview":"max-video-preview:-1"},"canonical":"https:\/\/ecgconsulting.fr\/index.php\/mentions-legales\/","og_locale":"fr_FR","og_type":"article","og_title":"Mentions legales - ECG CONSULTING","og_description":"Mentions L\u00e9galesInformations l\u00e9gales :Nom du site web : ECG ConsultingAdresse : 45 Grand rue 81340 Valence d&rsquo;AlbigeoisT\u00e9l\u00e9phone : 06.72.19.10.23 \/ 07.61.06.23.95Adresse \u00e9lectronique : ecgservicesadm@yahoo.com ou juricoach@yahoo.frLe directeur de la publication et responsable de la r\u00e9daction : Elisabeth CORREIA-GABRIELH\u00e9bergement :Nom de l&rsquo;h\u00e9bergeur : OVH CloudAdresse de l&rsquo;h\u00e9bergeur : 2 rue Kellermann &#8211; 59100 Roubaix &#8211; FrancePropri\u00e9t\u00e9...","og_url":"https:\/\/ecgconsulting.fr\/index.php\/mentions-legales\/","og_site_name":"ECG CONSULTING","article_modified_time":"2023-10-16T08:48:05+00:00","twitter_card":"summary_large_image","twitter_misc":{"Dur\u00e9e de lecture estim\u00e9e":"2 minutes"},"schema":{"@context":"https:\/\/schema.org","@graph":[{"@type":"WebPage","@id":"https:\/\/ecgconsulting.fr\/index.php\/mentions-legales\/","url":"https:\/\/ecgconsulting.fr\/index.php\/mentions-legales\/","name":"Mentions legales - ECG CONSULTING","isPartOf":{"@id":"https:\/\/ecgconsulting.fr\/#website"},"datePublished":"2023-10-09T08:21:19+00:00","dateModified":"2023-10-16T08:48:05+00:00","breadcrumb":{"@id":"https:\/\/ecgconsulting.fr\/index.php\/mentions-legales\/#breadcrumb"},"inLanguage":"fr-FR","potentialAction":[{"@type":"ReadAction","target":["https:\/\/ecgconsulting.fr\/index.php\/mentions-legales\/"]}]},{"@type":"BreadcrumbList","@id":"https:\/\/ecgconsulting.fr\/index.php\/mentions-legales\/#breadcrumb","itemListElement":[{"@type":"ListItem","position":1,"name":"Accueil","item":"https:\/\/ecgconsulting.fr\/"},{"@type":"ListItem","position":2,"name":"Mentions legales"}]},{"@type":"WebSite","@id":"https:\/\/ecgconsulting.fr\/#website","url":"https:\/\/ecgconsulting.fr\/","name":"ECG CONSULTING","description":"Conseils Strat\u00e9gies et Formations en mode raisonn\u00e9 Occitanie","potentialAction":[{"@type":"SearchAction","target":{"@type":"EntryPoint","urlTemplate":"https:\/\/ecgconsulting.fr\/?s={search_term_string}"},"query-input":"required name=search_term_string"}],"inLanguage":"fr-FR"}]}},"_links":{"self":[{"href":"https:\/\/ecgconsulting.fr\/index.php\/wp-json\/wp\/v2\/pages\/1471","targetHints":{"allow":["GET"]}}],"collection":[{"href":"https:\/\/ecgconsulting.fr\/index.php\/wp-json\/wp\/v2\/pages"}],"about":[{"href":"https:\/\/ecgconsulting.fr\/index.php\/wp-json\/wp\/v2\/types\/page"}],"author":[{"embeddable":true,"href":"https:\/\/ecgconsulting.fr\/index.php\/wp-json\/wp\/v2\/users\/1"}],"replies":[{"embeddable":true,"href":"https:\/\/ecgconsulting.fr\/index.php\/wp-json\/wp\/v2\/comments?post=1471"}],"version-history":[{"count":2,"href":"https:\/\/ecgconsulting.fr\/index.php\/wp-json\/wp\/v2\/pages\/1471\/revisions"}],"predecessor-version":[{"id":1511,"href":"https:\/\/ecgconsulting.fr\/index.php\/wp-json\/wp\/v2\/pages\/1471\/revisions\/1511"}],"wp:attachment":[{"href":"https:\/\/ecgconsulting.fr\/index.php\/wp-json\/wp\/v2\/media?parent=1471"}],"curies":[{"name":"wp","href":"https:\/\/api.w.org\/{rel}","templated":true}]}}